{"id":2,"date":"2023-02-07T10:20:16","date_gmt":"2023-02-07T10:20:16","guid":{"rendered":"http:\/\/test.jomani.de\/?page_id=2"},"modified":"2025-11-05T16:07:22","modified_gmt":"2025-11-05T16:07:22","slug":"sample-page","status":"publish","type":"page","link":"https:\/\/www.jomani.de\/","title":{"rendered":"\u00a0J o m a n i"},"content":{"rendered":"<div class=\"wp-block-image is-style-default\">\n<figure class=\"alignleft size-medium is-resized has-custom-border\"><img loading=\"lazy\" decoding=\"async\" width=\"146\" height=\"300\" src=\"http:\/\/test.jomani.de\/wp-content\/uploads\/2023\/02\/7-146x300.jpg\" alt=\"\" class=\"has-border-color has-luminous-vivid-orange-border-color wp-image-23\" style=\"border-width:1px;width:110px;height:225px\" srcset=\"https:\/\/www.jomani.de\/wp-content\/uploads\/2023\/02\/7-146x300.jpg 146w, https:\/\/www.jomani.de\/wp-content\/uploads\/2023\/02\/7.jpg 218w\" sizes=\"auto, (max-width: 146px) 100vw, 146px\" \/><figcaption class=\"wp-element-caption\">Jomani, K\u00fcnstler Johann Mandl<\/figcaption><\/figure>\n<\/div>\n\n\n<div class=\"wp-block-columns alignwide are-vertically-aligned-top is-layout-flex wp-container-core-columns-is-layout-9d6595d7 wp-block-columns-is-layout-flex\">\n<div class=\"wp-block-column is-vertically-aligned-top is-layout-flow wp-block-column-is-layout-flow\" style=\"flex-basis:100%\">\n<h5 class=\"wp-block-heading has-text-align-left\">Malkurse f\u00fcr Kinder:<\/h5>\n\n\n\n<p>Montag, Dienstag, Mittwoch von 15:30 bis 17:00 Uhr<br>Freitag von 15:30 bis 17:00 Uhr und 17:15 bis 18:45<\/p>\n<\/div>\n\n\n\n<div class=\"wp-block-column is-vertically-aligned-top is-layout-flow wp-block-column-is-layout-flow\" style=\"flex-basis:100%\">\n<div class=\"wp-block-group is-content-justification-right\"><div class=\"wp-block-group__inner-container is-layout-constrained wp-container-core-group-is-layout-07b51d56 wp-block-group-is-layout-constrained\">\n<h5 class=\"wp-block-heading\">Malkurse f\u00fcr Erwachsene:<\/h5>\n\n\n\n<p>Montag 8:30 Uhr bis 10:30 Uhr<br>Dienstag, Mittwoch, Donnerstag von 19:00 Uhr bis 21:00 Uhr<\/p>\n<\/div><\/div>\n<\/div>\n<\/div>\n\n\n\n<div class=\"wp-block-columns alignwide is-layout-flex wp-container-core-columns-is-layout-9d6595d7 wp-block-columns-is-layout-flex\">\n<div class=\"wp-block-column is-layout-flow wp-block-column-is-layout-flow\" style=\"flex-basis:50%\">\n<div class=\"wp-block-group alignwide\"><div class=\"wp-block-group__inner-container is-layout-constrained wp-block-group-is-layout-constrained\">\n<div class=\"wp-block-group alignwide is-content-justification-center\" style=\"padding-top:0;padding-right:0;padding-bottom:0;padding-left:0\"><div class=\"wp-block-group__inner-container is-layout-constrained wp-container-core-group-is-layout-ed939f44 wp-block-group-is-layout-constrained\">\n<p>... au\u00dfer in den Schulferien und au\u00dfer an Feiertagen, Tel.: 09141 \/ 92905 (Malschule) oder 09141 \/ 3265, email: <a href=\"mailto:info@jomani.de\">info@jomani.de<\/a>, Ort: Atelier Jomani, Bachgasse 6, 91781 Wei\u00dfenburg i.Bay<\/p>\n<\/div><\/div>\n<\/div><\/div>\n<\/div>\n\n\n\n<div class=\"wp-block-column is-layout-flow wp-block-column-is-layout-flow\" style=\"flex-basis:50%\">\n<figure class=\"wp-block-gallery has-nested-images columns-default is-cropped wp-block-gallery-1 is-layout-flex wp-block-gallery-is-layout-flex\">\n<figure class=\"wp-block-image size-large\"><img loading=\"lazy\" decoding=\"async\" width=\"320\" height=\"256\" data-id=\"13\" src=\"http:\/\/test.jomani.de\/wp-content\/uploads\/2023\/02\/1.jpg\" alt=\"\" class=\"wp-image-13\" srcset=\"https:\/\/www.jomani.de\/wp-content\/uploads\/2023\/02\/1.jpg 320w, https:\/\/www.jomani.de\/wp-content\/uploads\/2023\/02\/1-300x240.jpg 300w\" sizes=\"auto, (max-width: 320px) 100vw, 320px\" \/><\/figure>\n\n\n\n<figure class=\"wp-block-image size-large\"><img loading=\"lazy\" decoding=\"async\" width=\"320\" height=\"256\" data-id=\"14\" src=\"http:\/\/test.jomani.de\/wp-content\/uploads\/2023\/02\/3.jpg\" alt=\"\" class=\"wp-image-14\" srcset=\"https:\/\/www.jomani.de\/wp-content\/uploads\/2023\/02\/3.jpg 320w, https:\/\/www.jomani.de\/wp-content\/uploads\/2023\/02\/3-300x240.jpg 300w\" sizes=\"auto, (max-width: 320px) 100vw, 320px\" \/><\/figure>\n\n\n\n<figure class=\"wp-block-image size-large\"><img loading=\"lazy\" decoding=\"async\" width=\"320\" height=\"256\" data-id=\"19\" src=\"http:\/\/test.jomani.de\/wp-content\/uploads\/2023\/02\/2.jpg\" alt=\"\" class=\"wp-image-19\" srcset=\"https:\/\/www.jomani.de\/wp-content\/uploads\/2023\/02\/2.jpg 320w, https:\/\/www.jomani.de\/wp-content\/uploads\/2023\/02\/2-300x240.jpg 300w\" sizes=\"auto, (max-width: 320px) 100vw, 320px\" \/><\/figure>\n\n\n\n<figure class=\"wp-block-image size-large\"><img loading=\"lazy\" decoding=\"async\" width=\"320\" height=\"256\" data-id=\"18\" src=\"http:\/\/test.jomani.de\/wp-content\/uploads\/2023\/02\/28.jpg\" alt=\"\" class=\"wp-image-18\" srcset=\"https:\/\/www.jomani.de\/wp-content\/uploads\/2023\/02\/28.jpg 320w, https:\/\/www.jomani.de\/wp-content\/uploads\/2023\/02\/28-300x240.jpg 300w\" sizes=\"auto, (max-width: 320px) 100vw, 320px\" \/><\/figure>\n\n\n\n<figure class=\"wp-block-image size-large\"><img loading=\"lazy\" decoding=\"async\" width=\"320\" height=\"256\" data-id=\"17\" src=\"http:\/\/test.jomani.de\/wp-content\/uploads\/2023\/02\/27.jpg\" alt=\"\" class=\"wp-image-17\" srcset=\"https:\/\/www.jomani.de\/wp-content\/uploads\/2023\/02\/27.jpg 320w, https:\/\/www.jomani.de\/wp-content\/uploads\/2023\/02\/27-300x240.jpg 300w\" sizes=\"auto, (max-width: 320px) 100vw, 320px\" \/><\/figure>\n\n\n\n<figure class=\"wp-block-image size-large\"><img loading=\"lazy\" decoding=\"async\" width=\"320\" height=\"256\" data-id=\"16\" src=\"http:\/\/test.jomani.de\/wp-content\/uploads\/2023\/02\/10.jpg\" alt=\"\" class=\"wp-image-16\" srcset=\"https:\/\/www.jomani.de\/wp-content\/uploads\/2023\/02\/10.jpg 320w, https:\/\/www.jomani.de\/wp-content\/uploads\/2023\/02\/10-300x240.jpg 300w\" sizes=\"auto, (max-width: 320px) 100vw, 320px\" \/><\/figure>\n<\/figure>\n<\/div>\n<\/div>\n","protected":false},"excerpt":{"rendered":"<p>Malkurse f\u00fcr Kinder: Montag, Dienstag, Mittwoch von 15:30 bis 17:00 UhrFreitag von 15:30 bis 17:00 Uhr und 17:15 bis 18:45 Malkurse f\u00fcr Erwachsene: Montag 8:30 Uhr bis 10:30 UhrDienstag, Mittwoch, Donnerstag von 19:00 Uhr bis 21:00 Uhr ... au\u00dfer in den Schulferien und au\u00dfer an Feiertagen, Tel.: 09141 \/ 92905 (Malschule) oder 09141 \/ 3265, <a href=\"https:\/\/www.jomani.de\/\" class=\"more-link\">...weiterlesen<span class=\"screen-reader-text\"> \"\u00a0J o m a n i\"<\/span><\/a><\/p>\n","protected":false},"author":1,"featured_media":0,"parent":0,"menu_order":1,"comment_status":"closed","ping_status":"closed","template":"","meta":{"footnotes":""},"class_list":["post-2","page","type-page","status-publish","h-entry","hentry","h-as-page"],"_links":{"self":[{"href":"https:\/\/www.jomani.de\/index.php?rest_route=\/wp\/v2\/pages\/2","targetHints":{"allow":["GET"]}}],"collection":[{"href":"https:\/\/www.jomani.de\/index.php?rest_route=\/wp\/v2\/pages"}],"about":[{"href":"https:\/\/www.jomani.de\/index.php?rest_route=\/wp\/v2\/types\/page"}],"author":[{"embeddable":true,"href":"https:\/\/www.jomani.de\/index.php?rest_route=\/wp\/v2\/users\/1"}],"replies":[{"embeddable":true,"href":"https:\/\/www.jomani.de\/index.php?rest_route=%2Fwp%2Fv2%2Fcomments&post=2"}],"version-history":[{"count":69,"href":"https:\/\/www.jomani.de\/index.php?rest_route=\/wp\/v2\/pages\/2\/revisions"}],"predecessor-version":[{"id":248,"href":"https:\/\/www.jomani.de\/index.php?rest_route=\/wp\/v2\/pages\/2\/revisions\/248"}],"wp:attachment":[{"href":"https:\/\/www.jomani.de\/index.php?rest_route=%2Fwp%2Fv2%2Fmedia&parent=2"}],"curies":[{"name":"wp","href":"https:\/\/api.w.org\/{rel}","templated":true}]}}